{"id":297,"date":"2023-04-17T12:01:31","date_gmt":"2023-04-17T12:01:31","guid":{"rendered":"https:\/\/telling.es\/politica-privacidad\/"},"modified":"2023-09-20T11:25:37","modified_gmt":"2023-09-20T11:25:37","slug":"politica-privacidad","status":"publish","type":"page","link":"https:\/\/telling.es\/en\/politica-privacidad\/","title":{"rendered":"Pol\u00edtica de privacidad"},"content":{"rendered":"<p>TELLING INSIGHTS informa a los usuarios a trav\u00e9s de esta p\u00e1gina acerca de su pol\u00edtica de protecci\u00f3n de datos de car\u00e1cter personal, para que los usuarios determinen libre y voluntariamente si, en su caso, desean facilitar a dicha sociedad los datos personales que se les puedan requerir o que se puedan obtener de los usuarios con ocasi\u00f3n de la solicitud de ciertos servicios a trav\u00e9s de esta Web.<\/p>\n<p>TELLING INSIGHTS se reserva el derecho a modificar la presente pol\u00edtica para adaptarla a las novedades legislativas o jurisprudencia, as\u00ed como a pr\u00e1cticas de la industria, bastando para ello introducir los cambios pertinentes en esta p\u00e1gina con razonable antelaci\u00f3n a su puesta en pr\u00e1ctica.<\/p>\n<p>Los datos personales recogidos ser\u00e1n objeto de tratamiento automatizado e incorporados a los correspondientes ficheros automatizados por TELLING INSIGHTS, siendo \u00e9sta la responsable de este fichero. La recogida y tratamiento automatizado de los datos personales tiene como finalidad la gesti\u00f3n, administraci\u00f3n, prestaci\u00f3n, ampliaci\u00f3n y mejora de los servicios en los que el usuario decida participar o utilizar; persigue la adecuaci\u00f3n de estos servicios a las preferencias y gustos de los usuarios, el dise\u00f1o de nuevos servicios, y el env\u00edo de actualizaciones de los servicios por medios tradicionales y electr\u00f3nicos, ya sea en la actualidad o en un futuro.<\/p>\n<p>En cumplimiento de lo previsto en el art\u00edculo 21 de la Ley 34\/2002 de Servicios de la Sociedad de la Informaci\u00f3n y Comercio Electr\u00f3nico, si usted no desea recibir m\u00e1s informaci\u00f3n sobre nuestros servicios, puede darse de baja en la siguiente direcci\u00f3n de correo electr\u00f3nico: telling@telling.es<\/p>\n<p>Si en el plazo de un mes desde que usted enviara sus datos por v\u00eda telem\u00e1tica no hemos recibido notificaci\u00f3n en contra, entenderemos otorgado su consentimiento, el cual podr\u00e1 revocar en cualquier momento. Seg\u00fan el art\u00edculo 23.2 del C\u00f3digo Confianza Online:<\/p>\n<p>\u201c2.- Cuando las empresas adheridas a este C\u00f3digo recaben datos personales a trav\u00e9s de medios electr\u00f3nicos de comunicaci\u00f3n a distancia, deber\u00e1n informar previamente a los titulares, de forma inequ\u00edvoca y claramente perceptible, de los siguientes extremos:<\/p>\n<ol>\n<li>Existencia de un fichero o tratamiento de datos de car\u00e1cter personal, finalidad de la recogida y destinatarios de la informaci\u00f3n.<\/li>\n<li>Identificaci\u00f3n del responsable de fichero inscrito en el Registro de la Agencia de Protecci\u00f3n de Datos.<\/li>\n<li>Car\u00e1cter obligatorio o facultativo de la respuesta a las preguntas que en su caso les sean planteadas, as\u00ed como de las consecuencias de la obtenci\u00f3n de los datos o a la negativa a suministrarlos.<\/li>\n<li>Posibilidad de ejercer de los derechos de acceso, rectificaci\u00f3n, cancelaci\u00f3n y oposici\u00f3n.<\/li>\n<li>Identidad del responsable del tratamiento de los datos y direcci\u00f3n (postal y de correo electr\u00f3nico) que facilite la comunicaci\u00f3n con el mismo.\u201d<\/li>\n<\/ol>\n<p>Seg\u00fan el art\u00edculo 26.2 del C\u00f3digo Confianza Online, se establece que:<\/p>\n<p>\u201cLas empresas adheridas a este C\u00f3digo proveer\u00e1n a los usuarios de informaci\u00f3n clara y comprensible sobre la presencia y la finalidad de las cookies u otros dispositivos o t\u00e9cnicas similares, poniendo a su disposici\u00f3n mecanismos sencillos y gratuitos para informarles sobre c\u00f3mo desactivarlas.<\/p>\n<p>Asimismo, se avisar\u00e1 de forma clara cu\u00e1ndo queda imposibilitado el acceso o la utilizaci\u00f3n de un servicio interactivo por ser necesario el env\u00edo e instalaci\u00f3n de cookies u otros dispositivos o t\u00e9cnicas similares en el terminal del usuario. \u2013 Para la utilizaci\u00f3n de nuestro sitio web es necesario la utilizaci\u00f3n de cookies. Las cookies se utilizan con la finalidad de facilitar al usuario la navegaci\u00f3n y personalizar la exploraci\u00f3n. Cuando un usuario introduce su nombre de usuario y contrase\u00f1a, se almacena una cookie para que no tenga que estar introduci\u00e9ndolas para cada p\u00e1gina del servidor, si usted lo desea puede configurar su navegador para ser avisado en pantalla de la recepci\u00f3n de cookies y para impedir la instalaci\u00f3n de cookies en su disco duro. Por favor, consulte las instrucciones y manuales de su navegador para ampliar esta informaci\u00f3n.\u201c<\/p>\n<p>Si desea mantenerse informado sobre nuestras \u00faltimas promociones y ofertas especiales, usted puede registrase a nuestro bolet\u00edn informativo. Puede darse de baja del bolet\u00edn de noticias en cualquier momento mediante correo electr\u00f3nico.<\/p>\n","protected":false},"excerpt":{"rendered":"<p>TELLING INSIGHTS informa a los usuarios a trav\u00e9s de esta p\u00e1gina acerca de su pol\u00edtica de protecci\u00f3n de datos de [&hellip;]<\/p>\n","protected":false},"author":1,"featured_media":0,"parent":0,"menu_order":0,"comment_status":"closed","ping_status":"closed","template":"","meta":{"footnotes":""},"class_list":["post-297","page","type-page","status-publish","hentry"],"yoast_head":"<!-- This site is optimized with the Yoast SEO plugin v21.2 - https:\/\/yoast.com\/wordpress\/plugins\/seo\/ -->\n<title>Pol\u00edtica de privacidad &#062; Telling Insights<\/title>\n<meta name=\"robots\" content=\"noindex, nofollow\" \/>\n<meta property=\"og:locale\" content=\"en_US\" \/>\n<meta property=\"og:type\" content=\"article\" \/>\n<meta property=\"og:title\" content=\"Pol\u00edtica de privacidad &#062; Telling Insights\" \/>\n<meta property=\"og:description\" content=\"TELLING INSIGHTS informa a los usuarios a trav\u00e9s de esta p\u00e1gina acerca de su pol\u00edtica de protecci\u00f3n de datos de [&hellip;]\" \/>\n<meta property=\"og:url\" content=\"https:\/\/telling.es\/en\/politica-privacidad\/\" \/>\n<meta property=\"og:site_name\" content=\"Telling Insights\" \/>\n<meta property=\"article:modified_time\" content=\"2023-09-20T11:25:37+00:00\" \/>\n<meta name=\"twitter:card\" content=\"summary_large_image\" \/>\n<meta name=\"twitter:label1\" content=\"Est. reading time\" \/>\n\t<meta name=\"twitter:data1\" content=\"4 minutes\" \/>\n<script type=\"application\/ld+json\" class=\"yoast-schema-graph\">{\"@context\":\"https:\/\/schema.org\",\"@graph\":[{\"@type\":\"WebPage\",\"@id\":\"https:\/\/telling.es\/en\/politica-privacidad\/\",\"url\":\"https:\/\/telling.es\/en\/politica-privacidad\/\",\"name\":\"Pol\u00edtica de privacidad &#062; Telling Insights\",\"isPartOf\":{\"@id\":\"https:\/\/telling.es\/#website\"},\"datePublished\":\"2023-04-17T12:01:31+00:00\",\"dateModified\":\"2023-09-20T11:25:37+00:00\",\"breadcrumb\":{\"@id\":\"https:\/\/telling.es\/en\/politica-privacidad\/#breadcrumb\"},\"inLanguage\":\"en-US\",\"potentialAction\":[{\"@type\":\"ReadAction\",\"target\":[\"https:\/\/telling.es\/en\/politica-privacidad\/\"]}]},{\"@type\":\"BreadcrumbList\",\"@id\":\"https:\/\/telling.es\/en\/politica-privacidad\/#breadcrumb\",\"itemListElement\":[{\"@type\":\"ListItem\",\"position\":1,\"name\":\"Portada\",\"item\":\"https:\/\/telling.es\/en\/\"},{\"@type\":\"ListItem\",\"position\":2,\"name\":\"Pol\u00edtica de privacidad\"}]},{\"@type\":\"WebSite\",\"@id\":\"https:\/\/telling.es\/#website\",\"url\":\"https:\/\/telling.es\/\",\"name\":\"Telling Insights | Estudios cualitativos y cuantitativos 100% ad-hoc\",\"description\":\"Entendemos nuestro trabajo como una relaci\u00f3n din\u00e1mica con el cliente, multidireccional, enfocada a  impulsar el crecimiento y desarrollo de las marcas.\",\"publisher\":{\"@id\":\"https:\/\/telling.es\/#organization\"},\"potentialAction\":[{\"@type\":\"SearchAction\",\"target\":{\"@type\":\"EntryPoint\",\"urlTemplate\":\"https:\/\/telling.es\/?s={search_term_string}\"},\"query-input\":\"required name=search_term_string\"}],\"inLanguage\":\"en-US\"},{\"@type\":\"Organization\",\"@id\":\"https:\/\/telling.es\/#organization\",\"name\":\"Telling Insights | Estudios cualitativos y cuantitativos 100% ad-hoc\",\"url\":\"https:\/\/telling.es\/\",\"logo\":{\"@type\":\"ImageObject\",\"inLanguage\":\"en-US\",\"@id\":\"https:\/\/telling.es\/#\/schema\/logo\/image\/\",\"url\":\"https:\/\/telling.es\/wp-content\/uploads\/2023\/03\/logo_telling.png\",\"contentUrl\":\"https:\/\/telling.es\/wp-content\/uploads\/2023\/03\/logo_telling.png\",\"width\":837,\"height\":219,\"caption\":\"Telling Insights | Estudios cualitativos y cuantitativos 100% ad-hoc\"},\"image\":{\"@id\":\"https:\/\/telling.es\/#\/schema\/logo\/image\/\"}}]}<\/script>\n<!-- \/ Yoast SEO plugin. -->","yoast_head_json":{"title":"Pol\u00edtica de privacidad &#062; Telling Insights","robots":{"index":"noindex","follow":"nofollow"},"og_locale":"en_US","og_type":"article","og_title":"Pol\u00edtica de privacidad &#062; Telling Insights","og_description":"TELLING INSIGHTS informa a los usuarios a trav\u00e9s de esta p\u00e1gina acerca de su pol\u00edtica de protecci\u00f3n de datos de [&hellip;]","og_url":"https:\/\/telling.es\/en\/politica-privacidad\/","og_site_name":"Telling Insights","article_modified_time":"2023-09-20T11:25:37+00:00","twitter_card":"summary_large_image","twitter_misc":{"Est. reading time":"4 minutes"},"schema":{"@context":"https:\/\/schema.org","@graph":[{"@type":"WebPage","@id":"https:\/\/telling.es\/en\/politica-privacidad\/","url":"https:\/\/telling.es\/en\/politica-privacidad\/","name":"Pol\u00edtica de privacidad &#062; Telling Insights","isPartOf":{"@id":"https:\/\/telling.es\/#website"},"datePublished":"2023-04-17T12:01:31+00:00","dateModified":"2023-09-20T11:25:37+00:00","breadcrumb":{"@id":"https:\/\/telling.es\/en\/politica-privacidad\/#breadcrumb"},"inLanguage":"en-US","potentialAction":[{"@type":"ReadAction","target":["https:\/\/telling.es\/en\/politica-privacidad\/"]}]},{"@type":"BreadcrumbList","@id":"https:\/\/telling.es\/en\/politica-privacidad\/#breadcrumb","itemListElement":[{"@type":"ListItem","position":1,"name":"Portada","item":"https:\/\/telling.es\/en\/"},{"@type":"ListItem","position":2,"name":"Pol\u00edtica de privacidad"}]},{"@type":"WebSite","@id":"https:\/\/telling.es\/#website","url":"https:\/\/telling.es\/","name":"Telling Insights | Estudios cualitativos y cuantitativos 100% ad-hoc","description":"Entendemos nuestro trabajo como una relaci\u00f3n din\u00e1mica con el cliente, multidireccional, enfocada a  impulsar el crecimiento y desarrollo de las marcas.","publisher":{"@id":"https:\/\/telling.es\/#organization"},"potentialAction":[{"@type":"SearchAction","target":{"@type":"EntryPoint","urlTemplate":"https:\/\/telling.es\/?s={search_term_string}"},"query-input":"required name=search_term_string"}],"inLanguage":"en-US"},{"@type":"Organization","@id":"https:\/\/telling.es\/#organization","name":"Telling Insights | Estudios cualitativos y cuantitativos 100% ad-hoc","url":"https:\/\/telling.es\/","logo":{"@type":"ImageObject","inLanguage":"en-US","@id":"https:\/\/telling.es\/#\/schema\/logo\/image\/","url":"https:\/\/telling.es\/wp-content\/uploads\/2023\/03\/logo_telling.png","contentUrl":"https:\/\/telling.es\/wp-content\/uploads\/2023\/03\/logo_telling.png","width":837,"height":219,"caption":"Telling Insights | Estudios cualitativos y cuantitativos 100% ad-hoc"},"image":{"@id":"https:\/\/telling.es\/#\/schema\/logo\/image\/"}}]}},"_links":{"self":[{"href":"https:\/\/telling.es\/en\/wp-json\/wp\/v2\/pages\/297","targetHints":{"allow":["GET"]}}],"collection":[{"href":"https:\/\/telling.es\/en\/wp-json\/wp\/v2\/pages"}],"about":[{"href":"https:\/\/telling.es\/en\/wp-json\/wp\/v2\/types\/page"}],"author":[{"embeddable":true,"href":"https:\/\/telling.es\/en\/wp-json\/wp\/v2\/users\/1"}],"replies":[{"embeddable":true,"href":"https:\/\/telling.es\/en\/wp-json\/wp\/v2\/comments?post=297"}],"version-history":[{"count":1,"href":"https:\/\/telling.es\/en\/wp-json\/wp\/v2\/pages\/297\/revisions"}],"predecessor-version":[{"id":326,"href":"https:\/\/telling.es\/en\/wp-json\/wp\/v2\/pages\/297\/revisions\/326"}],"wp:attachment":[{"href":"https:\/\/telling.es\/en\/wp-json\/wp\/v2\/media?parent=297"}],"curies":[{"name":"wp","href":"https:\/\/api.w.org\/{rel}","templated":true}]}}