{"id":303,"date":"2023-04-17T12:03:54","date_gmt":"2023-04-17T12:03:54","guid":{"rendered":"https:\/\/telling.es\/cookies\/"},"modified":"2023-09-20T11:25:45","modified_gmt":"2023-09-20T11:25:45","slug":"cookies","status":"publish","type":"page","link":"https:\/\/telling.es\/en\/cookies\/","title":{"rendered":"Cookies"},"content":{"rendered":"<p>Una Cookie es un fichero que se descarga en su ordenador al acceder a determinadas p\u00e1ginas web.<\/p>\n<p>Las cookies permiten a una p\u00e1gina web, entre otras cosas, almacenar y recuperar informaci\u00f3n sobre los h\u00e1bitos de navegaci\u00f3n de un usuario o de su equipo y, dependiendo de la informaci\u00f3n que contenga y de la forma en que utilice su equipo, pueden utilizarse para reconocer al usuario.<\/p>\n<p>Las cookies son esenciales para el funcionamiento de internet, aportando innumerables ventajas en la prestaci\u00f3n de servicios interactivos, facilit\u00e1ndole la navegaci\u00f3n y usabilidad de nuestra web.<\/p>\n<p>La informaci\u00f3n que le proporcionamos a continuaci\u00f3n, le ayudar\u00e1 a comprender los diferentes tipos de cookies:<\/p>\n<p><img decoding=\"async\" src=\"https:\/\/telling.es\/wp-content\/uploads\/2023\/04\/tabla-1.jpeg\" alt=\"tabla-1\" \/><\/p>\n<p>Seg\u00fan lo dispuesto en el art\u00edculo 22.2 de la Ley 34\/2002, de 11 de julio, de Servicios de la Sociedad de la Informaci\u00f3n y de Comercio Electr\u00f3nico (LSSI-CE), TELLING INSIGHTS SL informa de las cookies utilizadas en nuestra website:<\/p>\n<p><img decoding=\"async\" class=\"alignnone size-full wp-image-377\" src=\"https:\/\/telling.es\/wp-content\/uploads\/2023\/05\/cookies-telling.jpeg\" sizes=\"(max-width: 661px) 100vw, 661px\" width=\"661\" height=\"351\" \/><br \/>\nAsimismo, TELLING INSIGHTS SL informa al usuario de que tiene la posibilidad de configurar su navegador de modo que se le informe de la recepci\u00f3n de cookies, pudiendo, si as\u00ed lo desea, impedir que sean instaladas en su disco duro.<\/p>\n<p>A continuaci\u00f3n le proporcionamos los enlaces de diversos navegadores, a trav\u00e9s de los cuales podr\u00e1 realizar dicha configuraci\u00f3n:<\/p>\n<p>\uf0a7 Firefox desde aqu\u00ed:\u00a0<a href=\"http:\/\/support.mozilla.org\/es\/kb\/habilitar-y-deshabilitar-cookies-que-lossitios-we\">http:\/\/support.mozilla.org\/es\/kb\/habilitar-y-deshabilitar-cookies-que-lossitios-we<\/a><br \/>\n\uf0a7 Chrome desde aqu\u00ed:\u00a0<a href=\"http:\/\/support.google.com\/chrome\/bin\/answer.py?hl=es&amp;answer=95647\">http:\/\/support.google.com\/chrome\/bin\/answer.py?hl=es&amp;answer=95647<\/a><br \/>\n\uf0a7 Explorer desde aqu\u00ed:\u00a0<a href=\"http:\/\/windows.microsoft.com\/es-es\/internet-explorer\/delete-managecookies#ie=ie-10\">http:\/\/windows.microsoft.com\/es-es\/internet-explorer\/delete-managecookies#ie=ie-10<\/a><br \/>\n\uf0a7 Safari desde aqu\u00ed:\u00a0<a href=\"https:\/\/support.apple.com\/kb\/ph17191?locale=es_ES\">https:\/\/support.apple.com\/kb\/ph17191?locale=es_ES<\/a><br \/>\n\uf0a7 Opera desde aqu\u00ed:\u00a0<a href=\"http:\/\/help.opera.com\/Windows\/11.50\/es-ES\/cookies.html\">http:\/\/help.opera.com\/Windows\/11.50\/es-ES\/cookies.html<\/a><\/p>\n<p>&nbsp;<\/p>\n<ol start=\"3\">\n<li>POL\u00cdTICA DE PRIVACIDAD EN REDES SOCIALES<\/li>\n<\/ol>\n<p>En cumplimiento de la Ley Org\u00e1nica 3\/2018, de 5 de diciembre, de Protecci\u00f3n de Datos de Car\u00e1cter Personal Y Garantia de los Derechos Digitales, y la Ley 34\/2002, de 11 de julio, de Servicios de la Sociedad de la<br \/>\nInformaci\u00f3n y de Comercio Electr\u00f3nico (LSSI-CE), TELLING INSIGHTS SL informa a los usuarios, que ha procedido a crear un perfil en la\/s Red\/es Social\/es Facebook, Twitter, Instagram, Linkedin, con la finalidad principal de publicitar sus productos y servicios.<\/p>\n<p>Datos de TELLING INSIGHTS SL:<br \/>\n\u2022 CIF: B86889029<br \/>\n\u2022 DIRECCI\u00d3N: CALLE PUERTO RICO 17, BAJO DERECHA, MADRID 28016<br \/>\n\u2022 CORREO ELECTR\u00d3NICO: MONICA.USERA@TELLING.ES<br \/>\n\u2022 DOMINIO WEB: WWW.TELLING.ES<\/p>\n<p>El usuario dispone de un perfil en la misma Red Social y ha decidido unirse a la p\u00e1gina creada por TELLING INSIGHTS SL, mostrando as\u00ed inter\u00e9s en la informaci\u00f3n que se publicite en la Red. Al unirse a nuestra p\u00e1gina, nos facilita su consentimiento para el tratamiento de aquellos datos personales<br \/>\npublicados en su perfil.<\/p>\n<p>El usuario puede acceder en todo momento a las pol\u00edticas de privacidad de la propia Red Social, as\u00ed como configurar su perfil para garantizar su privacidad.<br \/>\nTELLING INSIGHTS SL tiene acceso y trata aquella informaci\u00f3n p\u00fablica del usuario, en especial, su nombre de contacto. Estos datos, s\u00f3lo son utilizados dentro de la propia Red Social. No son incorporados a ning\u00fan fichero.<\/p>\n<p>En relaci\u00f3n a los derechos de acceso, rectificaci\u00f3n, cancelaci\u00f3n y oposici\u00f3n, de los que usted dispone y que pueden ser ejercitados ante TELLING INSIGHTS SL, de acuerdo con la LOPD, debe tener en cuenta los siguientes matices:<\/p>\n<ul>\n<li>Acceso: Vendr\u00e1 definido por la funcionalidad de la Red Social y la capacidad de acceso a la informaci\u00f3n de los perfiles de los usuarios.<br \/>\n\u2022\u00a0Rectificaci\u00f3n: S\u00f3lo podr\u00e1 satisfacerse en relaci\u00f3n a aquella informaci\u00f3n que se encuentre bajo el control de TELLING INSIGHTS SL, por ejemplo, eliminar comentarios publicados en la propia p\u00e1gina. Normalmente, este derecho deber\u00e1 ejercerlo ante la Red Social.<br \/>\n\u2022\u00a0Cancelaci\u00f3n y\/u Oposici\u00f3n: Como en el caso anterior, s\u00f3lo podr\u00e1 satisfacerse en relaci\u00f3n a aquella informaci\u00f3n que se encuentre bajo el control de TELLING INSIGHTS SL, por ejemplo, dejar de estar unido al perfil.<\/li>\n<\/ul>\n<p>TELLING INSIGHTS SL realizar\u00e1 las siguientes actuaciones:<\/p>\n<ul>\n<li>Acceso a la informaci\u00f3n p\u00fablica del perfil.<br \/>\n\u2022\u00a0Publicaci\u00f3n en el perfil del usuario de toda aquella informaci\u00f3n ya publicada en la p\u00e1gina de TELLING INSIGHTS SL.<br \/>\n\u2022\u00a0Enviar mensajes personales e individuales a trav\u00e9s de los canales de la Red Social.<br \/>\n\u2022\u00a0Actualizaciones del estado de la p\u00e1gina que se publicar\u00e1n en el perfil del usuario.<\/li>\n<\/ul>\n<p>El usuario siempre puede controlar sus conexiones, eliminar los contenidos que dejen de interesarle y restringir con qui\u00e9n comparte sus conexiones, para ello deber\u00e1 acceder a su configuraci\u00f3n de privacidad.<\/p>\n<p><strong>Publicaciones<\/strong><br \/>\nEl usuario, una vez unido a la p\u00e1gina de TELLING INSIGHTS SL, podr\u00e1 publicar en \u00e9sta \u00faltima comentarios, enlaces, im\u00e1genes o fotograf\u00edas o cualquier otro tipo de contenido multimedia soportado por la Red Social. El usuario, en todos los casos, debe ser el titular de los mismos, gozar de los derechos de autor y de propiedad intelectual o contar con el consentimiento de los terceros afectados.<\/p>\n<p>Se proh\u00edbe expresamente cualquier publicaci\u00f3n en la p\u00e1gina, ya sean textos, gr\u00e1ficos, fotograf\u00edas, v\u00eddeos, etc. que atenten o sean susceptibles de atentar contra la moral, la \u00e9tica, el buen gusto o el decoro, y\/o que infrinjan, violen o quebranten los derechos de propiedad intelectual o industrial, el derecho a la imagen o la Ley. En estos casos, TELLING INSIGHTS SL se reserva el derecho a retirar de inmediato el contenido, pudiendo solicitar el bloqueo permanente del usuario.<\/p>\n<p>TELLING INSIGHTS SL no se har\u00e1 responsable de los contenidos que libremente ha publicado un usuario.<\/p>\n<p>El usuario debe tener presente que sus publicaciones ser\u00e1n conocidas por los otros usuarios, por lo que \u00e9l mismo es el principal responsable de su privacidad.<\/p>\n<p>Las im\u00e1genes que puedan publicarse en la p\u00e1gina no ser\u00e1n almacenadas en ning\u00fan fichero por parte de TELLING INSIGHTS SL, pero s\u00ed que permanecer\u00e1n en la Red Social.<\/p>\n<p><strong>Concursos y promociones<\/strong><br \/>\nTELLING INSIGHTS SL se reserva el derecho a realizar concursos y promociones, en los que podr\u00e1 participar el usuario unido a su p\u00e1gina. Las bases de cada uno de ellos, cuando se utilice para ello la plataforma de la Red Social, ser\u00e1n publicadas en la misma. Cumpliendo siempre con la LSSI-CE y con cualquier otra norma que le sea de aplicaci\u00f3n. La Red Social no patrocina, avala ni administra, de modo alguno, ninguna de nuestras promociones, ni est\u00e1 asociada a ninguna de ellas.<\/p>\n<p><strong>Publicidad<\/strong><br \/>\nTELLING INSIGHTS SL utilizar\u00e1 la Red Social para publicitar sus productos y servicios, en todo caso, si decide tratar sus datos de contacto para realizar acciones directas de prospecci\u00f3n comercial, ser\u00e1 siempre, cumpliendo con las exigencias legales de la LOPD y de la LSSI-CE.<\/p>\n<p>No se considerar\u00e1 publicidad el hecho de recomendar a otros usuarios la p\u00e1gina de TELLING INSIGHTS SL para que tambi\u00e9n ellos puedan disfrutar de las promociones o estar informados de su actividad.<\/p>\n<p>A continuaci\u00f3n detallamos el enlace a la pol\u00edtica de privacidad de la Red Social:<br \/>\n\u2022 Facebook: https:\/\/www.facebook.com\/help\/323540651073243\/<br \/>\n\u2022 Twitter: https:\/\/twitter.com\/privacy<br \/>\n\u2022 Instagram: http:\/\/instagram.com\/about\/legal\/privacy\/<br \/>\n\u2022 Linkedin: http:\/\/www.linkedin.com\/legal\/privacy-policy?trk=hb_ft_priv<\/p>\n<p><strong>\u00a0<\/strong><\/p>\n","protected":false},"excerpt":{"rendered":"<p>Una Cookie es un fichero que se descarga en su ordenador al acceder a determinadas p\u00e1ginas web. Las cookies permiten [&hellip;]<\/p>\n","protected":false},"author":1,"featured_media":0,"parent":0,"menu_order":0,"comment_status":"closed","ping_status":"closed","template":"","meta":{"footnotes":""},"class_list":["post-303","page","type-page","status-publish","hentry"],"yoast_head":"<!-- This site is optimized with the Yoast SEO plugin v21.2 - https:\/\/yoast.com\/wordpress\/plugins\/seo\/ -->\n<title>Cookies &#062; Telling Insights<\/title>\n<meta name=\"robots\" content=\"noindex, nofollow\" \/>\n<meta property=\"og:locale\" content=\"en_US\" \/>\n<meta property=\"og:type\" content=\"article\" \/>\n<meta property=\"og:title\" content=\"Cookies &#062; Telling Insights\" \/>\n<meta property=\"og:description\" content=\"Una Cookie es un fichero que se descarga en su ordenador al acceder a determinadas p\u00e1ginas web. Las cookies permiten [&hellip;]\" \/>\n<meta property=\"og:url\" content=\"https:\/\/telling.es\/en\/cookies\/\" \/>\n<meta property=\"og:site_name\" content=\"Telling Insights\" \/>\n<meta property=\"article:modified_time\" content=\"2023-09-20T11:25:45+00:00\" \/>\n<meta property=\"og:image\" content=\"https:\/\/telling.es\/wp-content\/uploads\/2023\/04\/tabla-1.jpeg\" \/>\n<meta name=\"twitter:card\" content=\"summary_large_image\" \/>\n<meta name=\"twitter:label1\" content=\"Est. reading time\" \/>\n\t<meta name=\"twitter:data1\" content=\"6 minutes\" \/>\n<script type=\"application\/ld+json\" class=\"yoast-schema-graph\">{\"@context\":\"https:\/\/schema.org\",\"@graph\":[{\"@type\":\"WebPage\",\"@id\":\"https:\/\/telling.es\/en\/cookies\/\",\"url\":\"https:\/\/telling.es\/en\/cookies\/\",\"name\":\"Cookies &#062; Telling Insights\",\"isPartOf\":{\"@id\":\"https:\/\/telling.es\/#website\"},\"datePublished\":\"2023-04-17T12:03:54+00:00\",\"dateModified\":\"2023-09-20T11:25:45+00:00\",\"breadcrumb\":{\"@id\":\"https:\/\/telling.es\/en\/cookies\/#breadcrumb\"},\"inLanguage\":\"en-US\",\"potentialAction\":[{\"@type\":\"ReadAction\",\"target\":[\"https:\/\/telling.es\/en\/cookies\/\"]}]},{\"@type\":\"BreadcrumbList\",\"@id\":\"https:\/\/telling.es\/en\/cookies\/#breadcrumb\",\"itemListElement\":[{\"@type\":\"ListItem\",\"position\":1,\"name\":\"Portada\",\"item\":\"https:\/\/telling.es\/en\/\"},{\"@type\":\"ListItem\",\"position\":2,\"name\":\"Cookies\"}]},{\"@type\":\"WebSite\",\"@id\":\"https:\/\/telling.es\/#website\",\"url\":\"https:\/\/telling.es\/\",\"name\":\"Telling Insights | Estudios cualitativos y cuantitativos 100% ad-hoc\",\"description\":\"Entendemos nuestro trabajo como una relaci\u00f3n din\u00e1mica con el cliente, multidireccional, enfocada a  impulsar el crecimiento y desarrollo de las marcas.\",\"publisher\":{\"@id\":\"https:\/\/telling.es\/#organization\"},\"potentialAction\":[{\"@type\":\"SearchAction\",\"target\":{\"@type\":\"EntryPoint\",\"urlTemplate\":\"https:\/\/telling.es\/?s={search_term_string}\"},\"query-input\":\"required name=search_term_string\"}],\"inLanguage\":\"en-US\"},{\"@type\":\"Organization\",\"@id\":\"https:\/\/telling.es\/#organization\",\"name\":\"Telling Insights | Estudios cualitativos y cuantitativos 100% ad-hoc\",\"url\":\"https:\/\/telling.es\/\",\"logo\":{\"@type\":\"ImageObject\",\"inLanguage\":\"en-US\",\"@id\":\"https:\/\/telling.es\/#\/schema\/logo\/image\/\",\"url\":\"https:\/\/telling.es\/wp-content\/uploads\/2023\/03\/logo_telling.png\",\"contentUrl\":\"https:\/\/telling.es\/wp-content\/uploads\/2023\/03\/logo_telling.png\",\"width\":837,\"height\":219,\"caption\":\"Telling Insights | Estudios cualitativos y cuantitativos 100% ad-hoc\"},\"image\":{\"@id\":\"https:\/\/telling.es\/#\/schema\/logo\/image\/\"}}]}<\/script>\n<!-- \/ Yoast SEO plugin. -->","yoast_head_json":{"title":"Cookies &#062; Telling Insights","robots":{"index":"noindex","follow":"nofollow"},"og_locale":"en_US","og_type":"article","og_title":"Cookies &#062; Telling Insights","og_description":"Una Cookie es un fichero que se descarga en su ordenador al acceder a determinadas p\u00e1ginas web. Las cookies permiten [&hellip;]","og_url":"https:\/\/telling.es\/en\/cookies\/","og_site_name":"Telling Insights","article_modified_time":"2023-09-20T11:25:45+00:00","og_image":[{"url":"https:\/\/telling.es\/wp-content\/uploads\/2023\/04\/tabla-1.jpeg"}],"twitter_card":"summary_large_image","twitter_misc":{"Est. reading time":"6 minutes"},"schema":{"@context":"https:\/\/schema.org","@graph":[{"@type":"WebPage","@id":"https:\/\/telling.es\/en\/cookies\/","url":"https:\/\/telling.es\/en\/cookies\/","name":"Cookies &#062; Telling Insights","isPartOf":{"@id":"https:\/\/telling.es\/#website"},"datePublished":"2023-04-17T12:03:54+00:00","dateModified":"2023-09-20T11:25:45+00:00","breadcrumb":{"@id":"https:\/\/telling.es\/en\/cookies\/#breadcrumb"},"inLanguage":"en-US","potentialAction":[{"@type":"ReadAction","target":["https:\/\/telling.es\/en\/cookies\/"]}]},{"@type":"BreadcrumbList","@id":"https:\/\/telling.es\/en\/cookies\/#breadcrumb","itemListElement":[{"@type":"ListItem","position":1,"name":"Portada","item":"https:\/\/telling.es\/en\/"},{"@type":"ListItem","position":2,"name":"Cookies"}]},{"@type":"WebSite","@id":"https:\/\/telling.es\/#website","url":"https:\/\/telling.es\/","name":"Telling Insights | Estudios cualitativos y cuantitativos 100% ad-hoc","description":"Entendemos nuestro trabajo como una relaci\u00f3n din\u00e1mica con el cliente, multidireccional, enfocada a  impulsar el crecimiento y desarrollo de las marcas.","publisher":{"@id":"https:\/\/telling.es\/#organization"},"potentialAction":[{"@type":"SearchAction","target":{"@type":"EntryPoint","urlTemplate":"https:\/\/telling.es\/?s={search_term_string}"},"query-input":"required name=search_term_string"}],"inLanguage":"en-US"},{"@type":"Organization","@id":"https:\/\/telling.es\/#organization","name":"Telling Insights | Estudios cualitativos y cuantitativos 100% ad-hoc","url":"https:\/\/telling.es\/","logo":{"@type":"ImageObject","inLanguage":"en-US","@id":"https:\/\/telling.es\/#\/schema\/logo\/image\/","url":"https:\/\/telling.es\/wp-content\/uploads\/2023\/03\/logo_telling.png","contentUrl":"https:\/\/telling.es\/wp-content\/uploads\/2023\/03\/logo_telling.png","width":837,"height":219,"caption":"Telling Insights | Estudios cualitativos y cuantitativos 100% ad-hoc"},"image":{"@id":"https:\/\/telling.es\/#\/schema\/logo\/image\/"}}]}},"_links":{"self":[{"href":"https:\/\/telling.es\/en\/wp-json\/wp\/v2\/pages\/303","targetHints":{"allow":["GET"]}}],"collection":[{"href":"https:\/\/telling.es\/en\/wp-json\/wp\/v2\/pages"}],"about":[{"href":"https:\/\/telling.es\/en\/wp-json\/wp\/v2\/types\/page"}],"author":[{"embeddable":true,"href":"https:\/\/telling.es\/en\/wp-json\/wp\/v2\/users\/1"}],"replies":[{"embeddable":true,"href":"https:\/\/telling.es\/en\/wp-json\/wp\/v2\/comments?post=303"}],"version-history":[{"count":1,"href":"https:\/\/telling.es\/en\/wp-json\/wp\/v2\/pages\/303\/revisions"}],"predecessor-version":[{"id":328,"href":"https:\/\/telling.es\/en\/wp-json\/wp\/v2\/pages\/303\/revisions\/328"}],"wp:attachment":[{"href":"https:\/\/telling.es\/en\/wp-json\/wp\/v2\/media?parent=303"}],"curies":[{"name":"wp","href":"https:\/\/api.w.org\/{rel}","templated":true}]}}